{"id":10409,"date":"2025-04-02T14:04:23","date_gmt":"2025-04-02T14:04:23","guid":{"rendered":"https:\/\/adn.gob.do\/transparencia\/?page_id=10409"},"modified":"2025-04-02T14:10:49","modified_gmt":"2025-04-02T14:10:49","slug":"direccion-g-de-contrataciones-publicas-dgcp","status":"publish","type":"page","link":"https:\/\/adn.gob.do\/transparencia\/direccion-g-de-contrataciones-publicas-dgcp\/","title":{"rendered":"Direcci\u00f3n G. De Contrataciones P\u00fablicas (DGCP)"},"content":{"rendered":"\t\t<div data-elementor-type=\"wp-page\" data-elementor-id=\"10409\" class=\"elementor elementor-10409\">\n\t\t\t\t\t\t\t\t\t<section class=\"elementor-section elementor-top-section elementor-element elementor-element-ebaf450 elementor-section-boxed elementor-section-height-default elementor-section-height-default\" data-id=\"ebaf450\" data-element_type=\"section\">\n\t\t\t\t\t\t<div class=\"elementor-container elementor-column-gap-default\">\n\t\t\t\t\t<div class=\"elementor-column elementor-col-100 elementor-top-column elementor-element elementor-element-a550ce4\" data-id=\"a550ce4\" data-element_type=\"column\">\n\t\t\t<div class=\"elementor-widget-wrap elementor-element-populated\">\n\t\t\t\t\t\t\t\t<div class=\"elementor-element elementor-element-96642c4 elementor-widget elementor-widget-image\" data-id=\"96642c4\" data-element_type=\"widget\" data-widget_type=\"image.default\">\n\t\t\t\t<div class=\"elementor-widget-container\">\n\t\t\t<style>\/*! elementor - v3.6.5 - 27-04-2022 *\/\n.elementor-widget-image{text-align:center}.elementor-widget-image a{display:inline-block}.elementor-widget-image a img[src$=\".svg\"]{width:48px}.elementor-widget-image img{vertical-align:middle;display:inline-block}<\/style>\t\t\t\t\t\t\t\t\t\t\t\t\t<a href=\"https:\/\/www.dgcp.gob.do\/servicios\/capacitaciones\/\" target=\"_blank\">\n\t\t\t\t\t\t\t<img loading=\"lazy\" decoding=\"async\" width=\"900\" height=\"360\" src=\"https:\/\/adn.gob.do\/transparencia\/wp-content\/uploads\/2025\/04\/imagen_dgcp.png\" class=\"attachment-full size-full\" alt=\"\" srcset=\"https:\/\/adn.gob.do\/transparencia\/wp-content\/uploads\/2025\/04\/imagen_dgcp.png 900w, https:\/\/adn.gob.do\/transparencia\/wp-content\/uploads\/2025\/04\/imagen_dgcp-300x120.png 300w, https:\/\/adn.gob.do\/transparencia\/wp-content\/uploads\/2025\/04\/imagen_dgcp-768x307.png 768w\" sizes=\"auto, (max-width: 900px) 100vw, 900px\" \/>\t\t\t\t\t\t\t\t<\/a>\n\t\t\t\t\t\t\t\t\t\t\t\t\t\t\t<\/div>\n\t\t\t\t<\/div>\n\t\t\t\t\t<\/div>\n\t\t<\/div>\n\t\t\t\t\t\t\t<\/div>\n\t\t<\/section>\n\t\t\t\t<section class=\"elementor-section elementor-top-section elementor-element elementor-element-48b4a3f elementor-section-boxed elementor-section-height-default elementor-section-height-default\" data-id=\"48b4a3f\" data-element_type=\"section\">\n\t\t\t\t\t\t<div class=\"elementor-container elementor-column-gap-default\">\n\t\t\t\t\t<div class=\"elementor-column elementor-col-100 elementor-top-column elementor-element elementor-element-3e4c101\" data-id=\"3e4c101\" data-element_type=\"column\">\n\t\t\t<div class=\"elementor-widget-wrap elementor-element-populated\">\n\t\t\t\t\t\t\t\t<div class=\"elementor-element elementor-element-ce6b922 elementor-widget elementor-widget-spacer\" data-id=\"ce6b922\" data-element_type=\"widget\" data-widget_type=\"spacer.default\">\n\t\t\t\t<div class=\"elementor-widget-container\">\n\t\t\t<style>\/*! elementor - v3.6.5 - 27-04-2022 *\/\n.e-container.e-container--row .elementor-spacer-inner{width:var(--spacer-size)}.e-container.e-container--column .elementor-spacer-inner,.elementor-column .elementor-spacer-inner{height:var(--spacer-size)}<\/style>\t\t<div class=\"elementor-spacer\">\n\t\t\t<div class=\"elementor-spacer-inner\"><\/div>\n\t\t<\/div>\n\t\t\t\t<\/div>\n\t\t\t\t<\/div>\n\t\t\t\t\t<\/div>\n\t\t<\/div>\n\t\t\t\t\t\t\t<\/div>\n\t\t<\/section>\n\t\t\t\t<section class=\"elementor-section elementor-top-section elementor-element elementor-element-9af60b6 elementor-section-boxed elementor-section-height-default elementor-section-height-default\" data-id=\"9af60b6\" data-element_type=\"section\">\n\t\t\t\t\t\t<div class=\"elementor-container elementor-column-gap-default\">\n\t\t\t\t\t<div class=\"elementor-column elementor-col-100 elementor-top-column elementor-element elementor-element-27adbe8\" data-id=\"27adbe8\" data-element_type=\"column\">\n\t\t\t<div class=\"elementor-widget-wrap elementor-element-populated\">\n\t\t\t\t\t\t\t\t<div class=\"elementor-element elementor-element-ef948d9 elementor-widget elementor-widget-text-editor\" data-id=\"ef948d9\" data-element_type=\"widget\" data-widget_type=\"text-editor.default\">\n\t\t\t\t<div class=\"elementor-widget-container\">\n\t\t\t<style>\/*! elementor - v3.6.5 - 27-04-2022 *\/\n.elementor-widget-text-editor.elementor-drop-cap-view-stacked .elementor-drop-cap{background-color:#818a91;color:#fff}.elementor-widget-text-editor.elementor-drop-cap-view-framed .elementor-drop-cap{color:#818a91;border:3px solid;background-color:transparent}.elementor-widget-text-editor:not(.elementor-drop-cap-view-default) .elementor-drop-cap{margin-top:8px}.elementor-widget-text-editor:not(.elementor-drop-cap-view-default) .elementor-drop-cap-letter{width:1em;height:1em}.elementor-widget-text-editor .elementor-drop-cap{float:left;text-align:center;line-height:1;font-size:50px}.elementor-widget-text-editor .elementor-drop-cap-letter{display:inline-block}<\/style>\t\t\t\t<p>La Direcci\u00f3n General de Contrataciones P\u00fablicas (DGCP), esta comprometida con fortalecer tus habilidades y conocimientos en el Sistema Nacional de Compras y Contrataciones P\u00fablicas (SNCCP). A trav\u00e9s de una amplia gama de capacitaciones dise\u00f1adas con esmero, brindado las herramientas necesarias para comprender a profundidad este sistema, sensibiliz\u00e1ndote sobre su importancia y orient\u00e1ndote en cada paso del proceso.<\/p>\n\n<p>Queremos empoderar a todos los actores del sistema, promoviendo la transparencia, eficiencia y buenas pr\u00e1cticas en las contrataciones p\u00fablicas. \u00a1Aprovecha esta oportunidad para crecer profesionalmente y contribuir al desarrollo de nuestro pa\u00eds!.<\/p>\t\t\t\t\t\t<\/div>\n\t\t\t\t<\/div>\n\t\t\t\t\t<\/div>\n\t\t<\/div>\n\t\t\t\t\t\t\t<\/div>\n\t\t<\/section>\n\t\t\t\t<section class=\"elementor-section elementor-top-section elementor-element elementor-element-ceeab56 elementor-section-boxed elementor-section-height-default elementor-section-height-default\" data-id=\"ceeab56\" data-element_type=\"section\">\n\t\t\t\t\t\t<div class=\"elementor-container elementor-column-gap-default\">\n\t\t\t\t\t<div class=\"elementor-column elementor-col-100 elementor-top-column elementor-element elementor-element-05d78a0\" data-id=\"05d78a0\" data-element_type=\"column\">\n\t\t\t<div class=\"elementor-widget-wrap elementor-element-populated\">\n\t\t\t\t\t\t\t\t<div class=\"elementor-element elementor-element-2b9883a elementor-widget elementor-widget-button\" data-id=\"2b9883a\" data-element_type=\"widget\" data-widget_type=\"button.default\">\n\t\t\t\t<div class=\"elementor-widget-container\">\n\t\t\t\t\t<div class=\"elementor-button-wrapper\">\n\t\t\t<a href=\"https:\/\/www.dgcp.gob.do\/servicios\/capacitaciones\/\" class=\"elementor-button-link elementor-button elementor-size-sm elementor-animation-grow\" role=\"button\">\n\t\t\t\t\t\t<span class=\"elementor-button-content-wrapper\">\n\t\t\t\t\t\t<span class=\"elementor-button-text\">Ver m\u00e1s<\/span>\n\t\t<\/span>\n\t\t\t\t\t<\/a>\n\t\t<\/div>\n\t\t\t\t<\/div>\n\t\t\t\t<\/div>\n\t\t\t\t\t<\/div>\n\t\t<\/div>\n\t\t\t\t\t\t\t<\/div>\n\t\t<\/section>\n\t\t\t\t\t\t\t<\/div>\n\t\t","protected":false},"excerpt":{"rendered":"<p>La Direcci\u00f3n General de Contrataciones P\u00fablicas (DGCP), esta comprometida con fortalecer tus habilidades y conocimientos en el Sistema Nacional de Compras y Contrataciones P\u00fablicas (SNCCP). A trav\u00e9s de una amplia gama de capacitaciones dise\u00f1adas con esmero, brindado las herramientas necesarias para comprender a profundidad este sistema, sensibiliz\u00e1ndote sobre su importancia y orient\u00e1ndote en cada paso [&hellip;]<\/p>\n","protected":false},"author":1,"featured_media":0,"parent":0,"menu_order":0,"comment_status":"closed","ping_status":"closed","template":"","meta":{"inline_featured_image":false,"footnotes":""},"class_list":["post-10409","page","type-page","status-publish","hentry"],"_links":{"self":[{"href":"https:\/\/adn.gob.do\/transparencia\/wp-json\/wp\/v2\/pages\/10409","targetHints":{"allow":["GET"]}}],"collection":[{"href":"https:\/\/adn.gob.do\/transparencia\/wp-json\/wp\/v2\/pages"}],"about":[{"href":"https:\/\/adn.gob.do\/transparencia\/wp-json\/wp\/v2\/types\/page"}],"author":[{"embeddable":true,"href":"https:\/\/adn.gob.do\/transparencia\/wp-json\/wp\/v2\/users\/1"}],"replies":[{"embeddable":true,"href":"https:\/\/adn.gob.do\/transparencia\/wp-json\/wp\/v2\/comments?post=10409"}],"version-history":[{"count":4,"href":"https:\/\/adn.gob.do\/transparencia\/wp-json\/wp\/v2\/pages\/10409\/revisions"}],"predecessor-version":[{"id":10414,"href":"https:\/\/adn.gob.do\/transparencia\/wp-json\/wp\/v2\/pages\/10409\/revisions\/10414"}],"wp:attachment":[{"href":"https:\/\/adn.gob.do\/transparencia\/wp-json\/wp\/v2\/media?parent=10409"}],"curies":[{"name":"wp","href":"https:\/\/api.w.org\/{rel}","templated":true}]}}