{"id":162,"date":"2021-12-01T18:31:49","date_gmt":"2021-12-01T18:31:49","guid":{"rendered":"http:\/\/172.26.0.141\/adn\/transparencia\/?page_id=162"},"modified":"2021-12-01T18:31:49","modified_gmt":"2021-12-01T18:31:49","slug":"definicion-oaimoficina-de-libre-acceso-a-la-informacion-municipal","status":"publish","type":"page","link":"https:\/\/adn.gob.do\/transparencia\/definicion-oaimoficina-de-libre-acceso-a-la-informacion-municipal\/","title":{"rendered":"Definici\u00f3n OAIM(Oficina de Libre Acceso a la Informaci\u00f3n Municipal)"},"content":{"rendered":"\n<p>La Ley No. 200-04 de Libre Acceso a la Informaci\u00f3n P\u00fablica, establece con car\u00e1cter obligatorio como un deber del Estado brindar la informaci\u00f3n que fuera requerida, as\u00ed como la actualizaci\u00f3n permanente de las mismas\u201d.<\/p>\n\n\n\n<p>El Reglamento de dicha Ley, marcado con el N\u00famero l30-05, establece que \u201cdeber\u00e1 asignarse un Responsable de Acceso a la Informaci\u00f3n (RAI) y organizarse las Oficinas de Acceso a la Informaci\u00f3n (OAI), ante la cual se har\u00e1 efectivo el ejercicio del derecho de acceso a la informaci\u00f3n.<\/p>\n\n\n\n<p>La MISI\u00d3N de la Oficina de Acceso a la Informaci\u00f3n es de permitir a la ciudadan\u00eda el ejercicio de su derecho de acceso a la informaci\u00f3n, manteniendo los valores de honestidad, integridad, probidad y eficacia.<\/p>\n\n\n\n<p>Su VISI\u00d3N es servir de apoyo al ejercicio de una administraci\u00f3n p\u00fablica m\u00e1s eficiente y plausible, de manera que el ciudadano pueda conocer y evaluar las actividades realizadas por la instituci\u00f3n.<\/p>\n","protected":false},"excerpt":{"rendered":"<p>La Ley No. 200-04 de Libre Acceso a la Informaci\u00f3n P\u00fablica, establece con car\u00e1cter obligatorio como un deber del Estado brindar la informaci\u00f3n que fuera requerida, as\u00ed como la actualizaci\u00f3n permanente de las mismas\u201d. El Reglamento de dicha Ley, marcado con el N\u00famero l30-05, establece que \u201cdeber\u00e1 asignarse un Responsable de Acceso a la Informaci\u00f3n [&hellip;]<\/p>\n","protected":false},"author":1,"featured_media":0,"parent":0,"menu_order":0,"comment_status":"closed","ping_status":"closed","template":"","meta":{"inline_featured_image":false,"footnotes":""},"class_list":["post-162","page","type-page","status-publish","hentry"],"_links":{"self":[{"href":"https:\/\/adn.gob.do\/transparencia\/wp-json\/wp\/v2\/pages\/162","targetHints":{"allow":["GET"]}}],"collection":[{"href":"https:\/\/adn.gob.do\/transparencia\/wp-json\/wp\/v2\/pages"}],"about":[{"href":"https:\/\/adn.gob.do\/transparencia\/wp-json\/wp\/v2\/types\/page"}],"author":[{"embeddable":true,"href":"https:\/\/adn.gob.do\/transparencia\/wp-json\/wp\/v2\/users\/1"}],"replies":[{"embeddable":true,"href":"https:\/\/adn.gob.do\/transparencia\/wp-json\/wp\/v2\/comments?post=162"}],"version-history":[{"count":1,"href":"https:\/\/adn.gob.do\/transparencia\/wp-json\/wp\/v2\/pages\/162\/revisions"}],"predecessor-version":[{"id":163,"href":"https:\/\/adn.gob.do\/transparencia\/wp-json\/wp\/v2\/pages\/162\/revisions\/163"}],"wp:attachment":[{"href":"https:\/\/adn.gob.do\/transparencia\/wp-json\/wp\/v2\/media?parent=162"}],"curies":[{"name":"wp","href":"https:\/\/api.w.org\/{rel}","templated":true}]}}