{"id":219,"date":"2021-12-09T12:51:43","date_gmt":"2021-12-09T12:51:43","guid":{"rendered":"http:\/\/172.26.0.141\/adn\/transparencia\/?page_id=219"},"modified":"2021-12-13T14:42:33","modified_gmt":"2021-12-13T14:42:33","slug":"base-legal","status":"publish","type":"page","link":"https:\/\/adn.gob.do\/transparencia\/base-legal\/","title":{"rendered":"Base Legal"},"content":{"rendered":"\t\t<div data-elementor-type=\"wp-page\" data-elementor-id=\"219\" class=\"elementor elementor-219\">\n\t\t\t\t\t\t\t\t\t<section class=\"elementor-section elementor-top-section elementor-element elementor-element-a1fb7be elementor-section-boxed elementor-section-height-default elementor-section-height-default\" data-id=\"a1fb7be\" data-element_type=\"section\">\n\t\t\t\t\t\t<div class=\"elementor-container elementor-column-gap-default\">\n\t\t\t\t\t<div class=\"elementor-column elementor-col-100 elementor-top-column elementor-element elementor-element-a632058\" data-id=\"a632058\" data-element_type=\"column\">\n\t\t\t<div class=\"elementor-widget-wrap elementor-element-populated\">\n\t\t\t\t\t\t\t\t<div class=\"elementor-element elementor-element-1ab89813 elementor-widget elementor-widget-text-editor\" data-id=\"1ab89813\" data-element_type=\"widget\" data-widget_type=\"text-editor.default\">\n\t\t\t\t<div class=\"elementor-widget-container\">\n\t\t\t<style>\/*! elementor - v3.6.5 - 27-04-2022 *\/\n.elementor-widget-text-editor.elementor-drop-cap-view-stacked .elementor-drop-cap{background-color:#818a91;color:#fff}.elementor-widget-text-editor.elementor-drop-cap-view-framed .elementor-drop-cap{color:#818a91;border:3px solid;background-color:transparent}.elementor-widget-text-editor:not(.elementor-drop-cap-view-default) .elementor-drop-cap{margin-top:8px}.elementor-widget-text-editor:not(.elementor-drop-cap-view-default) .elementor-drop-cap-letter{width:1em;height:1em}.elementor-widget-text-editor .elementor-drop-cap{float:left;text-align:center;line-height:1;font-size:50px}.elementor-widget-text-editor .elementor-drop-cap-letter{display:inline-block}<\/style>\t\t\t\t<!-- wp:paragraph -->\n<p><strong>SE MODERNIZA EL ESTATUTO ORGANICO DEL ADN.<\/strong><\/p>\n<!-- \/wp:paragraph -->\n\n<!-- wp:paragraph -->\n<p>El Ayuntamiento del Distrito Nacional, tuvo su base legal hasta 16 de agosto del 2007, en la Ley No.3456, la cual data del 21 de diciembre de 1952.<\/p>\n<!-- \/wp:paragraph -->\n\n<!-- wp:paragraph -->\n<p>Conforme a las nuevas corrientes de modernizaci\u00f3n y globalizaci\u00f3n que permea todas las instituciones p\u00fablicas y privadas y que rigen las acciones de la mayor\u00eda de los actores sociales de nuestro tiempo, se ha concebido la Ley 176-07, del Distrito Nacional y los Municipios, del 17 de julio del 2007 y cuya vigencia fue efectiva a partir del 26 de agosto del mismo a\u00f1o.<\/p>\n<!-- \/wp:paragraph -->\n\n<!-- wp:paragraph -->\n<p>Al tiempo que reconocemos el gran papel que jug\u00f3 la anterior legislaci\u00f3n, una ley muy coherente y concienzuda, as\u00ed esperamos que esta nueva legislaci\u00f3n, despu\u00e9s de los ajustes institucionales necesarios y el desarrollo pleno de sus disposiciones, venga a resultar en un apoyo de desarrollo, eficiencia, solidez y transparencia para el Cabildo del Distrito Nacional.<\/p>\n<!-- \/wp:paragraph -->\n\n<!-- wp:paragraph -->\n<p>Este nuevo r\u00e9gimen jur\u00eddico municipal, responde a las nuevas corrientes de reformas, modernizaci\u00f3n institucional y descentralizaci\u00f3n, teniendo en cuenta que los ayuntamientos son las instancias que m\u00e1s cerca est\u00e1n del ciudadano y, por ende, garantizan que los servicios que les son consustanciales a su propia naturaleza de ser entidades de servicios p\u00fablicos, sean prestados de manera continua y permanente.<\/p>\n<!-- \/wp:paragraph -->\n\n<!-- wp:paragraph -->\n<p><strong>Descripci\u00f3n General<\/strong><\/p>\n<!-- \/wp:paragraph -->\n\n<!-- wp:paragraph -->\n<p>Resumen: Esta ley tiene por objeto, normar la organizaci\u00f3n, competencia, funciones y recursos de los ayuntamientos de los municipios y del Distrito Nacional, asegur\u00e1ndolos que puedan ejercer, dentro del marco de la autonom\u00eda que los caracteriza, las competencias, atribuciones y los servicios que les son inherentes; promover el desarrollo y la integraci\u00f3n de su territorio, el mejoramiento sociocultural de sus habitantes y la participaci\u00f3n efectiva de las comunidades en el manejo de los asuntos p\u00fablicos locales, a los fines de obtener como resultado mejorar la calidad de vida, preservando el medio ambiente, los patrimonios hist\u00f3ricos y culturales, as\u00ed como la protecci\u00f3n de los espacios de dominio p\u00fablico.<br><br><\/p>\n<!-- \/wp:paragraph -->\t\t\t\t\t\t<\/div>\n\t\t\t\t<\/div>\n\t\t\t\t\t<\/div>\n\t\t<\/div>\n\t\t\t\t\t\t\t<\/div>\n\t\t<\/section>\n\t\t\t\t<section class=\"elementor-section elementor-top-section elementor-element elementor-element-c3b397c elementor-section-boxed elementor-section-height-default elementor-section-height-default\" data-id=\"c3b397c\" data-element_type=\"section\">\n\t\t\t\t\t\t<div class=\"elementor-container elementor-column-gap-default\">\n\t\t\t\t\t<div class=\"elementor-column elementor-col-100 elementor-top-column elementor-element elementor-element-3ac8bc1\" data-id=\"3ac8bc1\" data-element_type=\"column\">\n\t\t\t<div class=\"elementor-widget-wrap elementor-element-populated\">\n\t\t\t\t\t\t\t\t<div class=\"elementor-element elementor-element-c80c0c6 elementor-widget elementor-widget-wpfd_choose_category\" data-id=\"c80c0c6\" data-element_type=\"widget\" data-widget_type=\"wpfd_choose_category.default\">\n\t\t\t\t<div class=\"elementor-widget-container\">\n\t\t\t<div id=\"wpfd-elementor-category\" class=\"wpfd-elementor-category\"><div class=\"wpfd-content wpfd-content-default wpfd-content-multi\" data-category=\"83\"><input type=\"hidden\" id=\"current_category_83\" value=\"83\" \/>                    <input type=\"hidden\" id=\"current_category_slug_83\" value=\"base-legal\" \/>                    <input type=\"hidden\" id=\"current_ordering_83\" value=\"created_time\" \/>                    <input type=\"hidden\" id=\"current_ordering_direction_83\" value=\"desc\" \/><ul class=\"breadcrumbs wpfd-breadcrumbs-default head-category-default\">                            <li class=\"active\">Base Legal<\/li>                        <\/ul>    <script type=\"text\/x-handlebars-template\" class=\"wpfd-template-categories\">        <div class=\"wpfd-categories\">{{#if category}}{{#with category}}{{#if parent}}<a class=\"catlink backcategory\" href=\"#\" data-idcat=\"{{parent}}\">                        <i class=\"zmdi zmdi-chevron-left\"><\/i><span>Back<\/span><\/a>{{\/if}}{{\/with}}{{\/if}}{{#if category.desc}}<div class=\"wpfd-category-desc\">{{category.desc}}<\/div>{{\/if}}{{#if categories}}{{#each categories}}<a class=\"wpfdcategory catlink\" style=\"margin : 10px 10px 10px 10px;\" href=\"#\" data-idcat=\"{{term_id}}\" title=\"{{name}}\">                                <span>{{name}}<\/span><i class=\"zmdi zmdi-folder wpfd-folder\"><\/i>                            <\/a>{{\/each}}{{\/if}}<div class=\"wpfdcategory_placeholder\" style=\"margin : 0 10px 0 10px;\"><\/div><div class=\"wpfdcategory_placeholder\" style=\"margin : 0 10px 0 10px;\"><\/div><div class=\"wpfdcategory_placeholder\" style=\"margin : 0 10px 0 10px;\"><\/div><\/div>    <\/script>    <script type=\"text\/x-handlebars-template\" class=\"wpfd-template-files\">        {{#if files }}        <div class=\"wpfd_list\">            {{#each files}}            <div class=\"file\" style=\"margin : 10px 10px 10px 10px;\" data-id=\"{{ID}}\" data-catid=\"{{catid}}\">                <div class=\"filecontent\">                    {{#if file_custom_icon}}                    <div class=\"icon-custom\"><img decoding=\"async\" src=\"{{file_custom_icon}}\"><\/div>                    {{else}}                    <div class=\"ext ext-{{ext}} wpfd-icon-set-png\"><span class=\"txt\">{{ext}}<\/span><\/div>                    {{\/if}}<h3><a href=\"{{linkdownload}}\"  class=\"wpfd_downloadlink\" title=\"{{post_title}}\">{{{crop_title}}}<\/a><\/h3>                    <div class=\"file-xinfo\">                        {{#if description}}<div class=\"file-desc\">{{{description}}}<\/div>{{\/if}}{{#if versionNumber}}<div class=\"file-version\"><span>Version:<\/span> {{versionNumber}}<\/div>{{\/if}}<div class=\"file-size\"><span>Size:<\/span> {{bytesToSize size}}<\/div><div class=\"file-hits\"><span>Hits:<\/span> {{hits}}<\/div><div class=\"file-dated\"><span>Date added:<\/span> {{created}}<\/div>                    <\/div>                <\/div>                <span class=\"file-right\">                    <a class=\"downloadlink wpfd_downloadlink\"  href=\"{{linkdownload}}\" style=\"background-color:#76bc58;color:#ffffff;\">Download<i class=\"zmdi zmdi-cloud-download wpfd-download\"><\/i><\/a>{{#if openpdflink}}<a class=\"openlink wpfdlightbox wpfd_previewlink\" href=\"{{openpdflink}}\" target=\"\">Preview                            <i class=\"zmdi zmdi-filter-center-focus wpfd-preview\"><\/i>                        <\/a>{{else}}{{#if viewerlink}}<a                            href=\"{{viewerlink}}\"                            class=\"openlink wpfdlightbox wpfd_previewlink\"                            target=\"\"                            data-id=\"{{ID}}\"                            data-catid=\"{{catid}}\"                            data-file-type=\"{{ext}}\">Preview<i class=\"zmdi zmdi-filter-center-focus wpfd-preview\"><\/i>                        <\/a>{{\/if}}{{\/if}}                <\/span>            <\/div>            {{\/each}}            <div class=\"file flex_span\" style=\"margin : 10px 10px 10px 10px;\"><\/div>        <\/div>        {{\/if}}    <\/script><div class=\"wpfd-container\">        <div class=\"wpfd-open-tree\"><\/div>    <div class=\"wpfd-container-default \">        <div class=\"wpfd-categories\"><div class=\"wpfd-category-desc\"><\/div><\/div>                    <div class=\"wpfd_list\">                                                        <div class=\"file\" style=\"margin : 10px 10px 10px 10px;\"                         data-id=\"529\"                         data-catid=\"83\">                            <div class=\"filecontent\">                                <div class=\"ext ext-pdf wpfd-icon-set-png\"><span class=\"txt\">pdf<\/div><h3><a href=\"https:\/\/adn.gob.do\/transparencia\/download\/83\/base-legal\/529\/constitucion-de-la-republica-dominicana-2015.pdf\"  class=\"wpfd_downloadlink\" title=\"Constitucion-de-la-Republica-Dominicana-2015\">Constitucion-de-la-Republica-Dominicana-2015<\/a><\/h3>                                <div class=\"file-xinfo\">                                    <div class=\"file-size\"><span>Size:<\/span> 358.65 KB<\/div><div class=\"file-hits\"><span>Hits:<\/span> 114<\/div><div class=\"file-dated\"><span>Date added:<\/span> 13-12-2021<\/div>                                <\/div>                            <\/div>                            <div class=\"file-right\">                                <a class=\"downloadlink wpfd_downloadlink\"  href=\"https:\/\/adn.gob.do\/transparencia\/download\/83\/base-legal\/529\/constitucion-de-la-republica-dominicana-2015.pdf\" style=\"background-color:#76bc58;color:#ffffff;\">Download<i class=\"zmdi zmdi-cloud-download wpfd-download\"><\/i><\/a><a                            href=\"https:\/\/docs.google.com\/viewer?url=https%3A%2F%2Fadn.gob.do%2Ftransparencia%2Fwp-admin%2Fadmin-ajax.php%3Fjuwpfisadmin%3Dfalse%26action%3Dwpfd%26task%3Dfile.download%26wpfd_category_id%3D83%26wpfd_file_id%3D529%26token%3D%26preview%3D1&#038;embedded=true\"                            class=\"openlink wpfdlightbox wpfd_previewlink\"                            target=\"\"                            data-id=\"529\"                            data-catid=\"83\"                            data-file-type=\"pdf\">Preview<i class=\"zmdi zmdi-filter-center-focus wpfd-preview\"><\/i>                        <\/a>                            <\/div>                    <\/div>                                                                            <div class=\"file\" style=\"margin : 10px 10px 10px 10px;\"                         data-id=\"459\"                         data-catid=\"83\">                            <div class=\"filecontent\">                                <div class=\"ext ext-pdf wpfd-icon-set-png\"><span class=\"txt\">pdf<\/div><h3><a href=\"https:\/\/adn.gob.do\/transparencia\/download\/83\/base-legal\/459\/decreto-486-12-que-crea-la-direccion-general-de-etica-e-integridad-gubernamental-de-fecha-21-de-agosto-de-2012-2.pdf\"  class=\"wpfd_downloadlink\" title=\"Decreto-486-12-que-crea-la-Direccion-General-de-Etica-e-Integridad-Gubernamental-de-fecha-21-de-agosto-de-2012\">Decreto-486-12-que-crea-la-Direccion-General-de-Etica-e-Integridad-Gubernamental-de-fecha-21-de-agosto-de-2012<\/a><\/h3>                                <div class=\"file-xinfo\">                                    <div class=\"file-size\"><span>Size:<\/span> 134.80 KB<\/div><div class=\"file-hits\"><span>Hits:<\/span> 108<\/div><div class=\"file-dated\"><span>Date added:<\/span> 09-12-2021<\/div>                                <\/div>                            <\/div>                            <div class=\"file-right\">                                <a class=\"downloadlink wpfd_downloadlink\"  href=\"https:\/\/adn.gob.do\/transparencia\/download\/83\/base-legal\/459\/decreto-486-12-que-crea-la-direccion-general-de-etica-e-integridad-gubernamental-de-fecha-21-de-agosto-de-2012-2.pdf\" style=\"background-color:#76bc58;color:#ffffff;\">Download<i class=\"zmdi zmdi-cloud-download wpfd-download\"><\/i><\/a><a                            href=\"https:\/\/docs.google.com\/viewer?url=https%3A%2F%2Fadn.gob.do%2Ftransparencia%2Fwp-admin%2Fadmin-ajax.php%3Fjuwpfisadmin%3Dfalse%26action%3Dwpfd%26task%3Dfile.download%26wpfd_category_id%3D83%26wpfd_file_id%3D459%26token%3D%26preview%3D1&#038;embedded=true\"                            class=\"openlink wpfdlightbox wpfd_previewlink\"                            target=\"\"                            data-id=\"459\"                            data-catid=\"83\"                            data-file-type=\"pdf\">Preview<i class=\"zmdi zmdi-filter-center-focus wpfd-preview\"><\/i>                        <\/a>                            <\/div>                    <\/div>                                                    <div class=\"file flex_span\" style=\"margin : 10px 10px 10px 10px;\"><\/div>            <\/div>                    <\/div><\/div><\/div><\/div>\t\t<\/div>\n\t\t\t\t<\/div>\n\t\t\t\t\t<\/div>\n\t\t<\/div>\n\t\t\t\t\t\t\t<\/div>\n\t\t<\/section>\n\t\t\t\t\t\t\t<\/div>\n\t\t","protected":false},"excerpt":{"rendered":"<p>SE MODERNIZA EL ESTATUTO ORGANICO DEL ADN. El Ayuntamiento del Distrito Nacional, tuvo su base legal hasta 16 de agosto del 2007, en la Ley No.3456, la cual data del 21 de diciembre de 1952. Conforme a las nuevas corrientes de modernizaci\u00f3n y globalizaci\u00f3n que permea todas las instituciones p\u00fablicas y privadas y que rigen [&hellip;]<\/p>\n","protected":false},"author":1,"featured_media":0,"parent":0,"menu_order":0,"comment_status":"closed","ping_status":"closed","template":"","meta":{"inline_featured_image":false,"footnotes":""},"class_list":["post-219","page","type-page","status-publish","hentry"],"_links":{"self":[{"href":"https:\/\/adn.gob.do\/transparencia\/wp-json\/wp\/v2\/pages\/219","targetHints":{"allow":["GET"]}}],"collection":[{"href":"https:\/\/adn.gob.do\/transparencia\/wp-json\/wp\/v2\/pages"}],"about":[{"href":"https:\/\/adn.gob.do\/transparencia\/wp-json\/wp\/v2\/types\/page"}],"author":[{"embeddable":true,"href":"https:\/\/adn.gob.do\/transparencia\/wp-json\/wp\/v2\/users\/1"}],"replies":[{"embeddable":true,"href":"https:\/\/adn.gob.do\/transparencia\/wp-json\/wp\/v2\/comments?post=219"}],"version-history":[{"count":11,"href":"https:\/\/adn.gob.do\/transparencia\/wp-json\/wp\/v2\/pages\/219\/revisions"}],"predecessor-version":[{"id":532,"href":"https:\/\/adn.gob.do\/transparencia\/wp-json\/wp\/v2\/pages\/219\/revisions\/532"}],"wp:attachment":[{"href":"https:\/\/adn.gob.do\/transparencia\/wp-json\/wp\/v2\/media?parent=219"}],"curies":[{"name":"wp","href":"https:\/\/api.w.org\/{rel}","templated":true}]}}