{"id":280,"date":"2021-12-09T15:43:42","date_gmt":"2021-12-09T15:43:42","guid":{"rendered":"http:\/\/172.26.0.141\/adn\/transparencia\/?page_id=280"},"modified":"2021-12-13T18:17:33","modified_gmt":"2021-12-13T18:17:33","slug":"vacantes","status":"publish","type":"page","link":"https:\/\/adn.gob.do\/transparencia\/vacantes\/","title":{"rendered":"Vacantes"},"content":{"rendered":"\t\t<div data-elementor-type=\"wp-page\" data-elementor-id=\"280\" class=\"elementor elementor-280\">\n\t\t\t\t\t\t\t\t\t<section class=\"elementor-section elementor-top-section elementor-element elementor-element-6d79067 elementor-section-boxed elementor-section-height-default elementor-section-height-default\" data-id=\"6d79067\" data-element_type=\"section\">\n\t\t\t\t\t\t<div class=\"elementor-container elementor-column-gap-default\">\n\t\t\t\t\t<div class=\"elementor-column elementor-col-100 elementor-top-column elementor-element elementor-element-59f5207\" data-id=\"59f5207\" data-element_type=\"column\">\n\t\t\t<div class=\"elementor-widget-wrap elementor-element-populated\">\n\t\t\t\t\t\t\t\t<div class=\"elementor-element elementor-element-4afd20f elementor-widget elementor-widget-text-editor\" data-id=\"4afd20f\" data-element_type=\"widget\" data-widget_type=\"text-editor.default\">\n\t\t\t\t<div class=\"elementor-widget-container\">\n\t\t\t<style>\/*! elementor - v3.6.5 - 27-04-2022 *\/\n.elementor-widget-text-editor.elementor-drop-cap-view-stacked .elementor-drop-cap{background-color:#818a91;color:#fff}.elementor-widget-text-editor.elementor-drop-cap-view-framed .elementor-drop-cap{color:#818a91;border:3px solid;background-color:transparent}.elementor-widget-text-editor:not(.elementor-drop-cap-view-default) .elementor-drop-cap{margin-top:8px}.elementor-widget-text-editor:not(.elementor-drop-cap-view-default) .elementor-drop-cap-letter{width:1em;height:1em}.elementor-widget-text-editor .elementor-drop-cap{float:left;text-align:center;line-height:1;font-size:50px}.elementor-widget-text-editor .elementor-drop-cap-letter{display:inline-block}<\/style>\t\t\t\t<p>A trav\u00e9s del link , los ciudadanos que no pertenecen a la administraci\u00f3n p\u00fablica y los servidores p\u00fablicos podr\u00e1n accesar al Portal Concursos P\u00fablicos, para saber cu\u00e1les son las vacantes que actualmente existen en las distintas instituciones p\u00fablicas bajo el \u00e1mbito de la Ley 41-08, cu\u00e1l es el perfil de esos cargos, aplicar a esos concursos si cumplen con los requisitos del perfil, y dar seguimiento a los resultados de las diferentes fases de evaluaci\u00f3n, adem\u00e1s de esto ver las noticias relacionadas con el reclutamiento y selecci\u00f3n de personas, y las informaciones estad\u00edsticas de las instituciones que mayores concursos p\u00fablicos realizan y sobre los cargos m\u00e1s concursados, entre otros datos:<\/p><p><a href=\"https:\/\/map.gob.do\/Concursa\/\" target=\"_blank\" rel=\"noopener\">https:\/\/map.gob.do\/Concursa\/<\/a><\/p>\t\t\t\t\t\t<\/div>\n\t\t\t\t<\/div>\n\t\t\t\t\t<\/div>\n\t\t<\/div>\n\t\t\t\t\t\t\t<\/div>\n\t\t<\/section>\n\t\t\t\t\t\t\t<\/div>\n\t\t","protected":false},"excerpt":{"rendered":"<p>A trav\u00e9s del link , los ciudadanos que no pertenecen a la administraci\u00f3n p\u00fablica y los servidores p\u00fablicos podr\u00e1n accesar al Portal Concursos P\u00fablicos, para saber cu\u00e1les son las vacantes que actualmente existen en las distintas instituciones p\u00fablicas bajo el \u00e1mbito de la Ley 41-08, cu\u00e1l es el perfil de esos cargos, aplicar a esos [&hellip;]<\/p>\n","protected":false},"author":1,"featured_media":0,"parent":0,"menu_order":0,"comment_status":"closed","ping_status":"closed","template":"","meta":{"inline_featured_image":false,"footnotes":""},"class_list":["post-280","page","type-page","status-publish","hentry"],"_links":{"self":[{"href":"https:\/\/adn.gob.do\/transparencia\/wp-json\/wp\/v2\/pages\/280","targetHints":{"allow":["GET"]}}],"collection":[{"href":"https:\/\/adn.gob.do\/transparencia\/wp-json\/wp\/v2\/pages"}],"about":[{"href":"https:\/\/adn.gob.do\/transparencia\/wp-json\/wp\/v2\/types\/page"}],"author":[{"embeddable":true,"href":"https:\/\/adn.gob.do\/transparencia\/wp-json\/wp\/v2\/users\/1"}],"replies":[{"embeddable":true,"href":"https:\/\/adn.gob.do\/transparencia\/wp-json\/wp\/v2\/comments?post=280"}],"version-history":[{"count":4,"href":"https:\/\/adn.gob.do\/transparencia\/wp-json\/wp\/v2\/pages\/280\/revisions"}],"predecessor-version":[{"id":700,"href":"https:\/\/adn.gob.do\/transparencia\/wp-json\/wp\/v2\/pages\/280\/revisions\/700"}],"wp:attachment":[{"href":"https:\/\/adn.gob.do\/transparencia\/wp-json\/wp\/v2\/media?parent=280"}],"curies":[{"name":"wp","href":"https:\/\/api.w.org\/{rel}","templated":true}]}}