{"id":288,"date":"2021-12-09T15:46:55","date_gmt":"2021-12-09T15:46:55","guid":{"rendered":"http:\/\/172.26.0.141\/adn\/transparencia\/?page_id=288"},"modified":"2021-12-13T18:45:14","modified_gmt":"2021-12-13T18:45:14","slug":"lista-de-proveedores","status":"publish","type":"page","link":"https:\/\/adn.gob.do\/transparencia\/lista-de-proveedores\/","title":{"rendered":"Lista de proveedores"},"content":{"rendered":"\t\t<div data-elementor-type=\"wp-page\" data-elementor-id=\"288\" class=\"elementor elementor-288\">\n\t\t\t\t\t\t\t\t\t<section class=\"elementor-section elementor-top-section elementor-element elementor-element-22d6709 elementor-section-boxed elementor-section-height-default elementor-section-height-default\" data-id=\"22d6709\" data-element_type=\"section\">\n\t\t\t\t\t\t<div class=\"elementor-container elementor-column-gap-default\">\n\t\t\t\t\t<div class=\"elementor-column elementor-col-100 elementor-top-column elementor-element elementor-element-4e77b1d\" data-id=\"4e77b1d\" data-element_type=\"column\">\n\t\t\t<div class=\"elementor-widget-wrap elementor-element-populated\">\n\t\t\t\t\t\t\t\t<div class=\"elementor-element elementor-element-401fea5 elementor-widget elementor-widget-text-editor\" data-id=\"401fea5\" data-element_type=\"widget\" data-widget_type=\"text-editor.default\">\n\t\t\t\t<div class=\"elementor-widget-container\">\n\t\t\t<style>\/*! elementor - v3.6.5 - 27-04-2022 *\/\n.elementor-widget-text-editor.elementor-drop-cap-view-stacked .elementor-drop-cap{background-color:#818a91;color:#fff}.elementor-widget-text-editor.elementor-drop-cap-view-framed .elementor-drop-cap{color:#818a91;border:3px solid;background-color:transparent}.elementor-widget-text-editor:not(.elementor-drop-cap-view-default) .elementor-drop-cap{margin-top:8px}.elementor-widget-text-editor:not(.elementor-drop-cap-view-default) .elementor-drop-cap-letter{width:1em;height:1em}.elementor-widget-text-editor .elementor-drop-cap{float:left;text-align:center;line-height:1;font-size:50px}.elementor-widget-text-editor .elementor-drop-cap-letter{display:inline-block}<\/style>\t\t\t\t<p>En cumplimiento con las disposiciones de la Ley 340-06 sobre Compras y Contrataciones, la Alcald\u00eda del Distrito Nacional utiliza \u00fanica y exclusivamente los proveedores calificados por la Direcci\u00f3n General de Contrataciones P\u00fablicas, a trav\u00e9s del Registro de Proveedores del Estado (RPE).<\/p><p>Para consultar los Proveedores Calificados de ofrecer bienes y servicios, favor consultar el siguiente enlace:<\/p><p><a href=\"http:\/\/comprasdominicana.gov.do\/\" target=\"_blank\" rel=\"noopener\">http:\/\/comprasdominicana.gov.do\/<\/a><\/p>\t\t\t\t\t\t<\/div>\n\t\t\t\t<\/div>\n\t\t\t\t\t<\/div>\n\t\t<\/div>\n\t\t\t\t\t\t\t<\/div>\n\t\t<\/section>\n\t\t\t\t\t\t\t<\/div>\n\t\t","protected":false},"excerpt":{"rendered":"<p>En cumplimiento con las disposiciones de la Ley 340-06 sobre Compras y Contrataciones, la Alcald\u00eda del Distrito Nacional utiliza \u00fanica y exclusivamente los proveedores calificados por la Direcci\u00f3n General de Contrataciones P\u00fablicas, a trav\u00e9s del Registro de Proveedores del Estado (RPE). Para consultar los Proveedores Calificados de ofrecer bienes y servicios, favor consultar el siguiente [&hellip;]<\/p>\n","protected":false},"author":1,"featured_media":0,"parent":0,"menu_order":0,"comment_status":"closed","ping_status":"closed","template":"","meta":{"inline_featured_image":false,"footnotes":""},"class_list":["post-288","page","type-page","status-publish","hentry"],"_links":{"self":[{"href":"https:\/\/adn.gob.do\/transparencia\/wp-json\/wp\/v2\/pages\/288","targetHints":{"allow":["GET"]}}],"collection":[{"href":"https:\/\/adn.gob.do\/transparencia\/wp-json\/wp\/v2\/pages"}],"about":[{"href":"https:\/\/adn.gob.do\/transparencia\/wp-json\/wp\/v2\/types\/page"}],"author":[{"embeddable":true,"href":"https:\/\/adn.gob.do\/transparencia\/wp-json\/wp\/v2\/users\/1"}],"replies":[{"embeddable":true,"href":"https:\/\/adn.gob.do\/transparencia\/wp-json\/wp\/v2\/comments?post=288"}],"version-history":[{"count":7,"href":"https:\/\/adn.gob.do\/transparencia\/wp-json\/wp\/v2\/pages\/288\/revisions"}],"predecessor-version":[{"id":743,"href":"https:\/\/adn.gob.do\/transparencia\/wp-json\/wp\/v2\/pages\/288\/revisions\/743"}],"wp:attachment":[{"href":"https:\/\/adn.gob.do\/transparencia\/wp-json\/wp\/v2\/media?parent=288"}],"curies":[{"name":"wp","href":"https:\/\/api.w.org\/{rel}","templated":true}]}}