{"id":2919,"date":"2022-10-20T19:12:17","date_gmt":"2022-10-20T19:12:17","guid":{"rendered":"https:\/\/adn.gob.do\/transparencia\/?page_id=2919"},"modified":"2022-10-20T20:38:12","modified_gmt":"2022-10-20T20:38:12","slug":"deberes-y-derechos-de-los-y-las-municipes","status":"publish","type":"page","link":"https:\/\/adn.gob.do\/transparencia\/deberes-y-derechos-de-los-y-las-municipes\/","title":{"rendered":"Deberes y Derechos de Los y Las Mun\u00edcipes"},"content":{"rendered":"\t\t<div data-elementor-type=\"wp-page\" data-elementor-id=\"2919\" class=\"elementor elementor-2919\">\n\t\t\t\t\t\t\t\t\t<section class=\"elementor-section elementor-top-section elementor-element elementor-element-df86813 elementor-section-boxed elementor-section-height-default elementor-section-height-default\" data-id=\"df86813\" data-element_type=\"section\">\n\t\t\t\t\t\t<div class=\"elementor-container elementor-column-gap-default\">\n\t\t\t\t\t<div class=\"elementor-column elementor-col-100 elementor-top-column elementor-element elementor-element-c05ec45\" data-id=\"c05ec45\" data-element_type=\"column\">\n\t\t\t<div class=\"elementor-widget-wrap elementor-element-populated\">\n\t\t\t\t\t\t\t\t<div class=\"elementor-element elementor-element-2f7d16e elementor-widget elementor-widget-text-editor\" data-id=\"2f7d16e\" data-element_type=\"widget\" data-widget_type=\"text-editor.default\">\n\t\t\t\t<div class=\"elementor-widget-container\">\n\t\t\t<style>\/*! elementor - v3.6.5 - 27-04-2022 *\/\n.elementor-widget-text-editor.elementor-drop-cap-view-stacked .elementor-drop-cap{background-color:#818a91;color:#fff}.elementor-widget-text-editor.elementor-drop-cap-view-framed .elementor-drop-cap{color:#818a91;border:3px solid;background-color:transparent}.elementor-widget-text-editor:not(.elementor-drop-cap-view-default) .elementor-drop-cap{margin-top:8px}.elementor-widget-text-editor:not(.elementor-drop-cap-view-default) .elementor-drop-cap-letter{width:1em;height:1em}.elementor-widget-text-editor .elementor-drop-cap{float:left;text-align:center;line-height:1;font-size:50px}.elementor-widget-text-editor .elementor-drop-cap-letter{display:inline-block}<\/style>\t\t\t\t<h2 style=\"text-align: center;\">Derechos y Deberes de Las y Los Mun\u00edcipes D.N.<\/h2>\t\t\t\t\t\t<\/div>\n\t\t\t\t<\/div>\n\t\t\t\t\t<\/div>\n\t\t<\/div>\n\t\t\t\t\t\t\t<\/div>\n\t\t<\/section>\n\t\t\t\t<section class=\"elementor-section elementor-top-section elementor-element elementor-element-f3c54bd elementor-section-boxed elementor-section-height-default elementor-section-height-default\" data-id=\"f3c54bd\" data-element_type=\"section\">\n\t\t\t\t\t\t<div class=\"elementor-container elementor-column-gap-default\">\n\t\t\t\t\t<div class=\"elementor-column elementor-col-100 elementor-top-column elementor-element elementor-element-66a5fd6\" data-id=\"66a5fd6\" data-element_type=\"column\">\n\t\t\t<div class=\"elementor-widget-wrap elementor-element-populated\">\n\t\t\t\t\t\t\t\t<div class=\"elementor-element elementor-element-6f5358b elementor-widget elementor-widget-text-editor\" data-id=\"6f5358b\" data-element_type=\"widget\" data-widget_type=\"text-editor.default\">\n\t\t\t\t<div class=\"elementor-widget-container\">\n\t\t\t\t\t\t\t<p><strong>Seg\u00fan Ley No. 176-07 del Distrito Nacional y 1os Municipios <\/strong><br \/><strong>Art\u00edculo 14.- Las y Los Mun\u00edcipes.<br \/><\/strong><br \/>Las y Los mun\u00edcipes son los habitantes que tienen su residencia habitual en el territorio municipal. El conjunto de personas que reside en un municipio constituye la poblaci\u00f3n del mismo.<\/p>\n<p><strong>Art\u00edculo 15.- Derechos y Deberes de Las y Los Mun\u00edcipes:<\/strong><\/p>\n<p>Los derechos y deberes del y de la mun\u00edcipe son:<\/p>\n<p>1\u00b0. Elegir y ser elegible de acuerdo con lo dispuesto en la Constituci\u00f3n, la Ley Electoral y esta ley.<\/p>\n<p>2\u00b0. Hacer uso de 1os servicios p\u00fablicos municipales en las condiciones establecidas en las ordenanzas y reglamentos municipales.<\/p>\n<p>3\u00b0. Exigir que las competencias propias, coordinadas y\/o delegadas sean prestadas con eficiencia, eficacia y transparencia ante el ayuntamiento, las instancias de lo contencioso administrativo, instancias de control interno y externo de la administraci\u00f3n p\u00fablica.<\/p>\n<p>4\u00b0. Participar en la gesti\u00f3n municipal de acuerdo con lo dispuesto en las leyes y reglamentos.<\/p>\n<p>5\u00b0. Consultar 1os archivos y registros de 1os ayuntamientos, as\u00ed como obtener copias y certificaciones de 1os documentos de dominio p\u00fablico municipal, conforme lo establecido en la Ley de Libre Acceso a la Informaci\u00f3n P\u00fablica.<\/p>\n<p>6\u00b0. Desarrollar y formar asociaciones destinadas a la defensa de 1os intereses colectivos de \u00e1mbito comunitario.<\/p>\n<p>7\u00b0. Reclamar ante 1os \u00f3rganos de gobierno municipal contra 1os actos u omisiones de estos que les perjudiquen individual o colectivamente.<\/p>\n<p>8\u00b0. Cumplir con las ordenanzas y disposiciones municipales, con sus obligaciones tributarias y denunciar 1os hechos y actos que lesionen el patrimonio municipal.<\/p>\n<p>9\u00b0. Todos aquellos otros derechos y deberes previstos en la Constituci\u00f3n y las leyes.<br \/><!-- wp:paragraph --><\/p>\n<p>\u00a0<\/p>\n<p><!-- \/wp:paragraph --><\/p>\t\t\t\t\t\t<\/div>\n\t\t\t\t<\/div>\n\t\t\t\t\t<\/div>\n\t\t<\/div>\n\t\t\t\t\t\t\t<\/div>\n\t\t<\/section>\n\t\t\t\t\t\t\t<\/div>\n\t\t","protected":false},"excerpt":{"rendered":"<p>Derechos y Deberes de Las y Los Mun\u00edcipes D.N. Seg\u00fan Ley No. 176-07 del Distrito Nacional y 1os Municipios Art\u00edculo 14.- Las y Los Mun\u00edcipes.Las y Los mun\u00edcipes son los habitantes que tienen su residencia habitual en el territorio municipal. El conjunto de personas que reside en un municipio constituye la poblaci\u00f3n del mismo. Art\u00edculo [&hellip;]<\/p>\n","protected":false},"author":1,"featured_media":0,"parent":0,"menu_order":0,"comment_status":"closed","ping_status":"closed","template":"","meta":{"inline_featured_image":false,"footnotes":""},"class_list":["post-2919","page","type-page","status-publish","hentry"],"_links":{"self":[{"href":"https:\/\/adn.gob.do\/transparencia\/wp-json\/wp\/v2\/pages\/2919","targetHints":{"allow":["GET"]}}],"collection":[{"href":"https:\/\/adn.gob.do\/transparencia\/wp-json\/wp\/v2\/pages"}],"about":[{"href":"https:\/\/adn.gob.do\/transparencia\/wp-json\/wp\/v2\/types\/page"}],"author":[{"embeddable":true,"href":"https:\/\/adn.gob.do\/transparencia\/wp-json\/wp\/v2\/users\/1"}],"replies":[{"embeddable":true,"href":"https:\/\/adn.gob.do\/transparencia\/wp-json\/wp\/v2\/comments?post=2919"}],"version-history":[{"count":33,"href":"https:\/\/adn.gob.do\/transparencia\/wp-json\/wp\/v2\/pages\/2919\/revisions"}],"predecessor-version":[{"id":2955,"href":"https:\/\/adn.gob.do\/transparencia\/wp-json\/wp\/v2\/pages\/2919\/revisions\/2955"}],"wp:attachment":[{"href":"https:\/\/adn.gob.do\/transparencia\/wp-json\/wp\/v2\/media?parent=2919"}],"curies":[{"name":"wp","href":"https:\/\/api.w.org\/{rel}","templated":true}]}}