{"id":293,"date":"2021-12-09T15:47:21","date_gmt":"2021-12-09T15:47:21","guid":{"rendered":"http:\/\/172.26.0.141\/adn\/transparencia\/?page_id=293"},"modified":"2021-12-13T20:01:59","modified_gmt":"2021-12-13T20:01:59","slug":"como-ser-proveedor","status":"publish","type":"page","link":"https:\/\/adn.gob.do\/transparencia\/como-ser-proveedor\/","title":{"rendered":"\u00bfC\u00f3mo ser proveedor?"},"content":{"rendered":"\t\t<div data-elementor-type=\"wp-page\" data-elementor-id=\"293\" class=\"elementor elementor-293\">\n\t\t\t\t\t\t\t\t\t<section class=\"elementor-section elementor-top-section elementor-element elementor-element-25fd6b34 elementor-section-boxed elementor-section-height-default elementor-section-height-default\" data-id=\"25fd6b34\" data-element_type=\"section\">\n\t\t\t\t\t\t<div class=\"elementor-container elementor-column-gap-default\">\n\t\t\t\t\t<div class=\"elementor-column elementor-col-100 elementor-top-column elementor-element elementor-element-1f8c4d8e\" data-id=\"1f8c4d8e\" data-element_type=\"column\">\n\t\t\t<div class=\"elementor-widget-wrap elementor-element-populated\">\n\t\t\t\t\t\t\t\t<div class=\"elementor-element elementor-element-3fcb47ed elementor-widget elementor-widget-text-editor\" data-id=\"3fcb47ed\" data-element_type=\"widget\" data-widget_type=\"text-editor.default\">\n\t\t\t\t<div class=\"elementor-widget-container\">\n\t\t\t<style>\/*! elementor - v3.6.5 - 27-04-2022 *\/\n.elementor-widget-text-editor.elementor-drop-cap-view-stacked .elementor-drop-cap{background-color:#818a91;color:#fff}.elementor-widget-text-editor.elementor-drop-cap-view-framed .elementor-drop-cap{color:#818a91;border:3px solid;background-color:transparent}.elementor-widget-text-editor:not(.elementor-drop-cap-view-default) .elementor-drop-cap{margin-top:8px}.elementor-widget-text-editor:not(.elementor-drop-cap-view-default) .elementor-drop-cap-letter{width:1em;height:1em}.elementor-widget-text-editor .elementor-drop-cap{float:left;text-align:center;line-height:1;font-size:50px}.elementor-widget-text-editor .elementor-drop-cap-letter{display:inline-block}<\/style>\t\t\t\t<p><!-- wp:paragraph --><\/p>\n<p>Los proveedores interesados en ofrecer bienes y servicios la Alcald\u00eda del Distrito Nacional deben cumplir con los siguientes requisitos:<\/p>\n\n<ol>\n<li>Contar con el Registro de Proveedores del Estado (RPE), seg\u00fan lo establecido en el portal http:\/\/comprasdominicana.gov.do\/web\/guest\/portada.<\/li>\n<li>Estar al d\u00eda en el pago de sus obligaciones fiscales.<\/li>\n<li>Depositar en el Departamento de Compras* un Portafolio de Negocios que incluya:<\/li>\n<li>Descripci\u00f3n de la empresa.<\/li>\n<li>Bienes y servicios ofrecidos.<\/li>\n<li>Servicios de valor a\u00f1adido.<\/li>\n<li>Experiencia en el mercado.<\/li>\n<li>Referencias comerciales<\/li>\n<li>T\u00e9rminos de pago.<\/li>\n<li>T\u00e9rminos de entrega.<\/li>\n<li>Participar de los procesos de las compras y contrataciones publicados a trav\u00e9s de este portal y la Direcci\u00f3n General de Contrataciones P\u00fablicas http:\/\/comprasdominicana.gov.do\/web\/guest\/portada y en el portal de nuestra organizaci\u00f3n gubernamental en la secci\u00f3n de transparencia.<\/li>\n<\/ol>\n<p><!-- \/wp:paragraph --><\/p>\t\t\t\t\t\t<\/div>\n\t\t\t\t<\/div>\n\t\t\t\t\t<\/div>\n\t\t<\/div>\n\t\t\t\t\t\t\t<\/div>\n\t\t<\/section>\n\t\t\t\t\t\t\t<\/div>\n\t\t","protected":false},"excerpt":{"rendered":"<p>Los proveedores interesados en ofrecer bienes y servicios la Alcald\u00eda del Distrito Nacional deben cumplir con los siguientes requisitos: Contar con el Registro de Proveedores del Estado (RPE), seg\u00fan lo establecido en el portal http:\/\/comprasdominicana.gov.do\/web\/guest\/portada. Estar al d\u00eda en el pago de sus obligaciones fiscales. Depositar en el Departamento de Compras* un Portafolio de Negocios [&hellip;]<\/p>\n","protected":false},"author":1,"featured_media":0,"parent":0,"menu_order":0,"comment_status":"closed","ping_status":"closed","template":"","meta":{"inline_featured_image":false,"footnotes":""},"class_list":["post-293","page","type-page","status-publish","hentry"],"_links":{"self":[{"href":"https:\/\/adn.gob.do\/transparencia\/wp-json\/wp\/v2\/pages\/293","targetHints":{"allow":["GET"]}}],"collection":[{"href":"https:\/\/adn.gob.do\/transparencia\/wp-json\/wp\/v2\/pages"}],"about":[{"href":"https:\/\/adn.gob.do\/transparencia\/wp-json\/wp\/v2\/types\/page"}],"author":[{"embeddable":true,"href":"https:\/\/adn.gob.do\/transparencia\/wp-json\/wp\/v2\/users\/1"}],"replies":[{"embeddable":true,"href":"https:\/\/adn.gob.do\/transparencia\/wp-json\/wp\/v2\/comments?post=293"}],"version-history":[{"count":16,"href":"https:\/\/adn.gob.do\/transparencia\/wp-json\/wp\/v2\/pages\/293\/revisions"}],"predecessor-version":[{"id":810,"href":"https:\/\/adn.gob.do\/transparencia\/wp-json\/wp\/v2\/pages\/293\/revisions\/810"}],"wp:attachment":[{"href":"https:\/\/adn.gob.do\/transparencia\/wp-json\/wp\/v2\/media?parent=293"}],"curies":[{"name":"wp","href":"https:\/\/api.w.org\/{rel}","templated":true}]}}