{"id":9919,"date":"2025-01-14T16:43:00","date_gmt":"2025-01-14T16:43:00","guid":{"rendered":"https:\/\/adn.gob.do\/transparencia\/?page_id=9919"},"modified":"2025-01-14T16:56:03","modified_gmt":"2025-01-14T16:56:03","slug":"derechos-y-deberes-sobre-los-residuos-solidos","status":"publish","type":"page","link":"https:\/\/adn.gob.do\/transparencia\/derechos-y-deberes-sobre-los-residuos-solidos\/","title":{"rendered":"Derechos y Deberes sobre el manejo de los Residuos S\u00f3lidos"},"content":{"rendered":"\t\t<div data-elementor-type=\"wp-page\" data-elementor-id=\"9919\" class=\"elementor elementor-9919\">\n\t\t\t\t\t\t\t\t\t<section class=\"elementor-section elementor-top-section elementor-element elementor-element-29b562c elementor-section-boxed elementor-section-height-default elementor-section-height-default\" data-id=\"29b562c\" data-element_type=\"section\">\n\t\t\t\t\t\t<div class=\"elementor-container elementor-column-gap-default\">\n\t\t\t\t\t<div class=\"elementor-column elementor-col-100 elementor-top-column elementor-element elementor-element-667f9d1\" data-id=\"667f9d1\" data-element_type=\"column\">\n\t\t\t<div class=\"elementor-widget-wrap elementor-element-populated\">\n\t\t\t\t\t\t\t\t<div class=\"elementor-element elementor-element-2b440cc elementor-widget elementor-widget-wpfd_choose_category\" data-id=\"2b440cc\" data-element_type=\"widget\" data-widget_type=\"wpfd_choose_category.default\">\n\t\t\t\t<div class=\"elementor-widget-container\">\n\t\t\t<div id=\"wpfd-elementor-category\" class=\"wpfd-elementor-category\"><div class=\"wpfd-content wpfd-content-default wpfd-content-multi\" data-category=\"1896\"><input type=\"hidden\" id=\"current_category_1896\" value=\"1896\" \/>                    <input type=\"hidden\" id=\"current_category_slug_1896\" value=\"derechos-y-deberes-de-los-ciudadanos-del-dn\" \/>                    <input type=\"hidden\" id=\"current_ordering_1896\" value=\"title\" \/>                    <input type=\"hidden\" id=\"current_ordering_direction_1896\" value=\"desc\" \/><ul class=\"breadcrumbs wpfd-breadcrumbs-default head-category-default\">                            <li class=\"active\">Derechos y Deberes de los Ciudadanos del DN<\/li>                        <\/ul>    <script type=\"text\/x-handlebars-template\" class=\"wpfd-template-categories\">        <div class=\"wpfd-categories\">{{#if category}}{{#with category}}{{#if parent}}<a class=\"catlink backcategory\" href=\"#\" data-idcat=\"{{parent}}\">                        <i class=\"zmdi zmdi-chevron-left\"><\/i><span>Back<\/span><\/a>{{\/if}}{{\/with}}{{\/if}}{{#if category.desc}}<div class=\"wpfd-category-desc\">{{category.desc}}<\/div>{{\/if}}{{#if categories}}{{#each categories}}<a class=\"wpfdcategory catlink\" style=\"margin : 10px 10px 10px 20px;\" href=\"#\" data-idcat=\"{{term_id}}\" title=\"{{name}}\">                                <span>{{name}}<\/span><i class=\"zmdi zmdi-folder wpfd-folder\"><\/i>                            <\/a>{{\/each}}{{\/if}}<div class=\"wpfdcategory_placeholder\" style=\"margin : 0 10px 0 20px;\"><\/div><div class=\"wpfdcategory_placeholder\" style=\"margin : 0 10px 0 20px;\"><\/div><div class=\"wpfdcategory_placeholder\" style=\"margin : 0 10px 0 20px;\"><\/div><\/div>    <\/script>    <script type=\"text\/x-handlebars-template\" class=\"wpfd-template-files\">        {{#if files }}        <div class=\"wpfd_list\">            {{#each files}}            <div class=\"file\" style=\"margin : 10px 10px 10px 20px;\" data-id=\"{{ID}}\" data-catid=\"{{catid}}\">                <div class=\"filecontent\">                    {{#if file_custom_icon}}                    <div class=\"icon-custom\"><img decoding=\"async\" src=\"{{file_custom_icon}}\"><\/div>                    {{else}}                    <div class=\"ext ext-{{ext}} wpfd-icon-set-png\"><span class=\"txt\">{{ext}}<\/span><\/div>                    {{\/if}}<h3><a href=\"{{linkdownload}}\"  class=\"wpfd_downloadlink\" title=\"{{post_title}}\">{{{crop_title}}}<\/a><\/h3>                    <div class=\"file-xinfo\">                        {{#if description}}<div class=\"file-desc\">{{{description}}}<\/div>{{\/if}}{{#if versionNumber}}<div class=\"file-version\"><span>Version:<\/span> {{versionNumber}}<\/div>{{\/if}}<div class=\"file-size\"><span>Size:<\/span> {{bytesToSize size}}<\/div><div class=\"file-hits\"><span>Hits:<\/span> {{hits}}<\/div><div class=\"file-dated\"><span>Date added:<\/span> {{created}}<\/div>                    <\/div>                <\/div>                <span class=\"file-right\">                    <a class=\"downloadlink wpfd_downloadlink\"  href=\"{{linkdownload}}\" style=\"background-color:#76bc58;color:#ffffff;\">Download<i class=\"zmdi zmdi-cloud-download wpfd-download\"><\/i><\/a>{{#if openpdflink}}<a class=\"openlink wpfdlightbox wpfd_previewlink\" href=\"{{openpdflink}}\" target=\"\">Preview                            <i class=\"zmdi zmdi-filter-center-focus wpfd-preview\"><\/i>                        <\/a>{{else}}{{#if viewerlink}}<a                            href=\"{{viewerlink}}\"                            class=\"openlink wpfdlightbox wpfd_previewlink\"                            target=\"\"                            data-id=\"{{ID}}\"                            data-catid=\"{{catid}}\"                            data-file-type=\"{{ext}}\">Preview<i class=\"zmdi zmdi-filter-center-focus wpfd-preview\"><\/i>                        <\/a>{{\/if}}{{\/if}}                <\/span>            <\/div>            {{\/each}}            <div class=\"file flex_span\" style=\"margin : 10px 10px 10px 20px;\"><\/div>        <\/div>        {{\/if}}    <\/script><div class=\"wpfd-container\">        <div class=\"wpfd-open-tree\"><\/div>    <div class=\"wpfd-container-default \">        <div class=\"wpfd-categories\"><div class=\"wpfd-category-desc\"><\/div><\/div>                    <div class=\"wpfd_list\">                                                        <div class=\"file\" style=\"margin : 10px 10px 10px 20px;\"                         data-id=\"9918\"                         data-catid=\"1896\">                            <div class=\"filecontent\">                                <div class=\"ext ext-pdf wpfd-icon-set-png\"><span class=\"txt\">pdf<\/div><h3><a href=\"https:\/\/adn.gob.do\/transparencia\/download\/1896\/derechos-y-deberes-de-los-ciudadanos-del-dn\/9918\/responsabilidades-y-atribuciones-del-ayuntamiento-del-distrito-nacional-en-relacion-al-servicio-de-manejo-de-residuos-solidos-2.pdf\"  class=\"wpfd_downloadlink\" title=\"Responsabilidades y Atribuciones del Ayuntamiento del Distrito Nacional en Relaci\u00f3n al Servicio de Manejo de Residuos S\u00f3lidos\">Responsabilidades y Atribuciones del Ayuntamiento del Distrito Nacional en Relaci\u00f3n al Servicio de Manejo de Residuos S\u00f3lidos<\/a><\/h3>                                <div class=\"file-xinfo\">                                    <div class=\"file-size\"><span>Size:<\/span> 242.28 KB<\/div><div class=\"file-hits\"><span>Hits:<\/span> 92<\/div><div class=\"file-dated\"><span>Date added:<\/span> 14-01-2025<\/div>                                <\/div>                            <\/div>                            <div class=\"file-right\">                                <a class=\"downloadlink wpfd_downloadlink\"  href=\"https:\/\/adn.gob.do\/transparencia\/download\/1896\/derechos-y-deberes-de-los-ciudadanos-del-dn\/9918\/responsabilidades-y-atribuciones-del-ayuntamiento-del-distrito-nacional-en-relacion-al-servicio-de-manejo-de-residuos-solidos-2.pdf\" style=\"background-color:#76bc58;color:#ffffff;\">Download<i class=\"zmdi zmdi-cloud-download wpfd-download\"><\/i><\/a><a                            href=\"https:\/\/docs.google.com\/viewer?url=https%3A%2F%2Fadn.gob.do%2Ftransparencia%2Fwp-admin%2Fadmin-ajax.php%3Fjuwpfisadmin%3Dfalse%26action%3Dwpfd%26task%3Dfile.download%26wpfd_category_id%3D1896%26wpfd_file_id%3D9918%26token%3D%26preview%3D1&#038;embedded=true\"                            class=\"openlink wpfdlightbox wpfd_previewlink\"                            target=\"\"                            data-id=\"9918\"                            data-catid=\"1896\"                            data-file-type=\"pdf\">Preview<i class=\"zmdi zmdi-filter-center-focus wpfd-preview\"><\/i>                        <\/a>                            <\/div>                    <\/div>                                                                            <div class=\"file\" style=\"margin : 10px 10px 10px 20px;\"                         data-id=\"9917\"                         data-catid=\"1896\">                            <div class=\"filecontent\">                                <div class=\"ext ext-pdf wpfd-icon-set-png\"><span class=\"txt\">pdf<\/div><h3><a href=\"https:\/\/adn.gob.do\/transparencia\/download\/1896\/derechos-y-deberes-de-los-ciudadanos-del-dn\/9917\/responsabilidad-de-los-usuarios-en-relacion-al-servicio-de-manejo-de-residuos-solidos-2.pdf\"  class=\"wpfd_downloadlink\" title=\"Responsabilidad de los Usuarios en Relaci\u00f3n al Servicio de Manejo de Residuos S\u00f3lidos\">Responsabilidad de los Usuarios en Relaci\u00f3n al Servicio de Manejo de Residuos S\u00f3lidos<\/a><\/h3>                                <div class=\"file-xinfo\">                                    <div class=\"file-size\"><span>Size:<\/span> 220.25 KB<\/div><div class=\"file-hits\"><span>Hits:<\/span> 65<\/div><div class=\"file-dated\"><span>Date added:<\/span> 14-01-2025<\/div>                                <\/div>                            <\/div>                            <div class=\"file-right\">                                <a class=\"downloadlink wpfd_downloadlink\"  href=\"https:\/\/adn.gob.do\/transparencia\/download\/1896\/derechos-y-deberes-de-los-ciudadanos-del-dn\/9917\/responsabilidad-de-los-usuarios-en-relacion-al-servicio-de-manejo-de-residuos-solidos-2.pdf\" style=\"background-color:#76bc58;color:#ffffff;\">Download<i class=\"zmdi zmdi-cloud-download wpfd-download\"><\/i><\/a><a                            href=\"https:\/\/docs.google.com\/viewer?url=https%3A%2F%2Fadn.gob.do%2Ftransparencia%2Fwp-admin%2Fadmin-ajax.php%3Fjuwpfisadmin%3Dfalse%26action%3Dwpfd%26task%3Dfile.download%26wpfd_category_id%3D1896%26wpfd_file_id%3D9917%26token%3D%26preview%3D1&#038;embedded=true\"                            class=\"openlink wpfdlightbox wpfd_previewlink\"                            target=\"\"                            data-id=\"9917\"                            data-catid=\"1896\"                            data-file-type=\"pdf\">Preview<i class=\"zmdi zmdi-filter-center-focus wpfd-preview\"><\/i>                        <\/a>                            <\/div>                    <\/div>                                                    <div class=\"file flex_span\" style=\"margin : 10px 10px 10px 20px;\"><\/div>            <\/div>                    <\/div><\/div><\/div><\/div>\t\t<\/div>\n\t\t\t\t<\/div>\n\t\t\t\t\t<\/div>\n\t\t<\/div>\n\t\t\t\t\t\t\t<\/div>\n\t\t<\/section>\n\t\t\t\t\t\t\t<\/div>\n\t\t","protected":false},"excerpt":{"rendered":"<p>Derechos y Deberes de los Ciudadanos del DN pdf Responsabilidades y Atribuciones del Ayuntamiento del Distrito Nacional en Relaci\u00f3n al Servicio de Manejo de Residuos S\u00f3lidos Size: 242.28 KBHits: 0Date added: 14-01-2025 DownloadPreview pdf Responsabilidad de los Usuarios en Relaci\u00f3n al Servicio de Manejo de Residuos S\u00f3lidos Size: 220.25 KBHits: 0Date added: 14-01-2025 DownloadPreview<\/p>\n","protected":false},"author":1,"featured_media":0,"parent":0,"menu_order":0,"comment_status":"closed","ping_status":"closed","template":"","meta":{"inline_featured_image":false,"footnotes":""},"class_list":["post-9919","page","type-page","status-publish","hentry"],"_links":{"self":[{"href":"https:\/\/adn.gob.do\/transparencia\/wp-json\/wp\/v2\/pages\/9919","targetHints":{"allow":["GET"]}}],"collection":[{"href":"https:\/\/adn.gob.do\/transparencia\/wp-json\/wp\/v2\/pages"}],"about":[{"href":"https:\/\/adn.gob.do\/transparencia\/wp-json\/wp\/v2\/types\/page"}],"author":[{"embeddable":true,"href":"https:\/\/adn.gob.do\/transparencia\/wp-json\/wp\/v2\/users\/1"}],"replies":[{"embeddable":true,"href":"https:\/\/adn.gob.do\/transparencia\/wp-json\/wp\/v2\/comments?post=9919"}],"version-history":[{"count":5,"href":"https:\/\/adn.gob.do\/transparencia\/wp-json\/wp\/v2\/pages\/9919\/revisions"}],"predecessor-version":[{"id":9925,"href":"https:\/\/adn.gob.do\/transparencia\/wp-json\/wp\/v2\/pages\/9919\/revisions\/9925"}],"wp:attachment":[{"href":"https:\/\/adn.gob.do\/transparencia\/wp-json\/wp\/v2\/media?parent=9919"}],"curies":[{"name":"wp","href":"https:\/\/api.w.org\/{rel}","templated":true}]}}